{"id":12,"date":"2025-12-19T16:13:47","date_gmt":"2025-12-19T16:13:47","guid":{"rendered":"http:\/\/music-to-relax-radio.de\/?page_id=12"},"modified":"2025-12-19T16:41:58","modified_gmt":"2025-12-19T16:41:58","slug":"gaestebuch","status":"publish","type":"page","link":"https:\/\/music-to-relax-radio.de\/?page_id=12","title":{"rendered":"G\u00e4stebuch"},"content":{"rendered":"<div class=\"gwolle-gb\"><div class=\"gwolle-gb-messages-top-container\"><\/div>\n\t\t\t<div class=\"gwolle-gb-write-button\">\n\t\t\t\t<input type=\"button\" name=\"gwolle-gb-write-button\" class=\"button btn btn-default \" value=\"Neuen Eintrag schreiben\" aria-expanded=\"false\" \/>\n\t\t\t<\/div>\n\t\t\t<form action=\"#\" method=\"POST\" class=\"gwolle-gb-write gwolle-gb-hide gwolle-gb-float gwolle-gb-form-ajax gwolle-gb-ajax gwolle-gb-not-logged-in\">\n\t\t\t\t<h3>Einen neuen Eintrag f\u00fcr das G\u00e4stebuch schreiben<\/h3>\n\t\t\t\t<button type=\"button\" class=\"gb-notice-dismiss\">x<span class=\"screen-reader-text\">Dieses Formular ausblenden<\/span><\/button>\n\t\t\t\n\t\t\t\t<input type=\"hidden\" name=\"gwolle_gb_function\" class=\"gwolle_gb_function\" value=\"add_entry\" \/><input type=\"hidden\" name=\"gwolle_gb_book_id\" class=\"gwolle_gb_book_id\" value=\"1\" \/><div class=\"gwolle_gb_5c04b9dd8a06f0ae8593910e8a941b03\">\n\t\t\t\t<div class=\"label\"><label for=\"gwolle_gb_5c04b9dd8a06f0ae8593910e8a941b03-1\" class=\"text-info\">Name <span class=\"required\">*<\/span><\/label><\/div>\n\t\t\t\t<div class=\"input\"><input class=\"wp-exclude-emoji gwolle_gb_5c04b9dd8a06f0ae8593910e8a941b03\" value=\"\" type=\"text\" id=\"gwolle_gb_5c04b9dd8a06f0ae8593910e8a941b03-1\" name=\"gwolle_gb_5c04b9dd8a06f0ae8593910e8a941b03\" required \/><\/div>\n\t\t\t\t<div class=\"clearBoth\">&nbsp;<\/div>\n\t\t\t<\/div>\n\t\t\t<div class=\"gwolle_gb_dd5da2ce1f49cff9cc8754edf4b4255b\" style=\"display:none;overflow:hidden;\" hidden=\"true\" aria-hidden=\"true\">\n\t\t\t\t<div class=\"label\">\n\t\t\t\t\t<label for=\"gwolle_gb_dd5da2ce1f49cff9cc8754edf4b4255b-1\" class=\"text-primary\">Hier nichts eingeben<\/label>\n\t\t\t\t\t<label for=\"gwolle_gb_0ecaedb70f7b38613172221540a5ce81-1\" class=\"text-primary\">Hier nichts eingeben<\/label>\n\t\t\t\t<\/div>\n\t\t\t\t<div class=\"input\">\n\t\t\t\t\t<input value=\"99\" type=\"text\" id=\"gwolle_gb_dd5da2ce1f49cff9cc8754edf4b4255b-1\" name=\"gwolle_gb_dd5da2ce1f49cff9cc8754edf4b4255b\" class=\"gwolle_gb_dd5da2ce1f49cff9cc8754edf4b4255b\" style=\"transform: translateY(10000px);\" \/>\n\t\t\t\t\t<input value=\"\" type=\"text\" name=\"gwolle_gb_0ecaedb70f7b38613172221540a5ce81\" id=\"gwolle_gb_0ecaedb70f7b38613172221540a5ce81-1\" class=\"gwolle_gb_0ecaedb70f7b38613172221540a5ce81\" style=\"transform: translateY(10000px);\" \/>\n\t\t\t\t<\/div>\n\t\t\t\t<div class=\"clearBoth\"><\/div>\n\t\t\t<\/div>\n\t\t\t<div class=\"gwolle_gb_ef9b65143f839681f0d91279773026a8\" style=\"display:none;overflow:hidden;\" hidden=\"true\" aria-hidden=\"true\">\n\t\t\t\t<div class=\"label\">\n\t\t\t\t\t<label for=\"gwolle_gb_ef9b65143f839681f0d91279773026a8-1\" class=\"text-primary\">Hier nichts eingeben<\/label>\n\t\t\t\t\t<label for=\"gwolle_gb_0fd0aa61fadd9d32745088e8d7cdcc22-1\" class=\"text-primary\">Hier nichts eingeben<\/label>\n\t\t\t\t<\/div>\n\t\t\t\t<div class=\"input\">\n\t\t\t\t\t<input value=\"42046\" type=\"text\" id=\"gwolle_gb_ef9b65143f839681f0d91279773026a8-1\" name=\"gwolle_gb_ef9b65143f839681f0d91279773026a8\" class=\"gwolle_gb_ef9b65143f839681f0d91279773026a8\" style=\"transform: translateY(10000px);\" \/>\n\t\t\t\t\t<input value=\"42046\" type=\"text\"id=\"gwolle_gb_0fd0aa61fadd9d32745088e8d7cdcc22-1\" name=\"gwolle_gb_0fd0aa61fadd9d32745088e8d7cdcc22\" class=\"gwolle_gb_0fd0aa61fadd9d32745088e8d7cdcc22\" style=\"transform: translateY(10000px);\" \/>\n\t\t\t\t<\/div>\n\t\t\t\t<div class=\"clearBoth\"><\/div>\n\t\t\t<\/div><div class=\"gwolle_gb_content\">\n\t\t\t\t<div class=\"label\"><label for=\"gwolle_gb_content-1\" class=\"text-info\">G\u00e4stebucheintrag <span class=\"required\">*<\/span><\/label><\/div>\n\t\t\t\t<div class=\"input\"><textarea id=\"gwolle_gb_content-1\" name=\"gwolle_gb_content\" class=\"gwolle_gb_content wp-exclude-emoji\" required ><\/textarea><\/div>\n\t\t\t\t\t<div class=\"clearBoth\">&nbsp;<\/div>\n\t\t\t\t<\/div><input type=\"hidden\" class=\"gwolle_gb_e01d14f8ab83548abfa08ac1f20e0678\" id=\"gwolle_gb_e01d14f8ab83548abfa08ac1f20e0678-1\" name=\"gwolle_gb_e01d14f8ab83548abfa08ac1f20e0678\" value=\"195d6e544e\" \/>\n\t\t\t<div class=\"gwolle-gb-messages-bottom-container\"><\/div>\n\n\t\t\t<noscript><div class=\"no-js\">Warnung: Dieses Formular kann nur verwendet werden, wenn in deinem Browser JavaScript aktiviert ist.<\/div><\/noscript>\n\n\t\t\t<div class=\"gwolle_gb_submit gwolle-gb-submit\">\n\t\t\t\t<div class=\"label gwolle-gb-invisible text-muted\">&nbsp;<\/div>\n\t\t\t\t<div class=\"input\">\n\t\t\t\t\t<input type=\"submit\" name=\"gwolle_gb_submit\" class=\"gwolle_gb_submit button btn btn-primary \" value=\"Absenden\" \/>\n\t\t\t\t\t<span class=\"gwolle_gb_submit_ajax_icon gwolle-gb-submit-ajax-icon\"><\/span>\n\t\t\t\n\t\t\t\t<\/div>\n\t\t\t\t<div class=\"clearBoth\">&nbsp;<\/div>\n\t\t\t<\/div>\n\n\t\t\t<div class=\"gwolle_gb_notice gwolle-gb-notice\">\n\t\t\t\tMit * gekennzeichnete Felder sind erforderlich.<br \/>\r\nDeine E-Mail-Adresse wird nicht ver\u00f6ffentlicht.<br \/>\r\nEs ist m\u00f6glich, dass dein Eintrag im G\u00e4stebuch erst sichtbar ist, nachdem wir ihn \u00fcberpr\u00fcft haben.<br \/>\r\nWir behalten uns vor, Eintr\u00e4ge zu bearbeiten, zu l\u00f6schen oder nicht zu ver\u00f6ffentlichen.\n\t\t\t<\/div><\/form>\n\t\t\t\t<div class=\"page-navigation\">\n\t\t\t\t\t<span class=\"screen-reader-text\">Navigation der G\u00e4stebuchliste<\/span><span class=\"page-numbers current\">1<\/span><a href=\"https:\/\/music-to-relax-radio.de\/?page_id=12&pageNum=2\" title=\"Seite 2\">2<\/a><a href=\"https:\/\/music-to-relax-radio.de\/?page_id=12&pageNum=3\" title=\"Seite 3\">3<\/a><a href=\"https:\/\/music-to-relax-radio.de\/?page_id=12&pageNum=4\" title=\"Seite 4\">4<\/a><a href=\"https:\/\/music-to-relax-radio.de\/?page_id=12&pageNum=5\" title=\"Seite 5\">5<\/a><span class=\"page-numbers dots\">...<\/span><a href=\"https:\/\/music-to-relax-radio.de\/?page_id=12&pageNum=30\" title=\"Seite 30\">30<\/a><a href=\"https:\/\/music-to-relax-radio.de\/?page_id=12&pageNum=2\" title=\"N\u00e4chste Seite\" rel=\"next\">&rarr;<\/a><\/div>\n\t\t<div class=\"gwolle-gb-read gwolle-gb-ajax gwolle-gb-entries-list\" data-book_id=\"1\" data-page_id=\"1\">\n\t\t<div id=\"gwolle-gb-total\" class=\"gwolle-gb-total\">90 Eintr\u00e4ge<\/div><!-- Gwolle-GB Entry: Default Template Loaded -->\n\t\t\t\t<div class=\"gb-entry gb-entry_251 gb-entry-count_1 gwolle-gb-uneven gwolle-gb-first\" id=\"gb-entry_251\" data-entry_id=\"251\">\n\t\t\t\t<article>\n\t\t\t\t\t<div class=\"gb-author-info\">\n\t\t\t\t\t\t<span class=\"gb-author-name\">Anton\n\t\t\t\t\t\t<\/span>\n\t\t\t\t\t\t<span class=\"gb-datetime\">\n\t\t\t\t\t\t\t<span class=\"gb-date\"><span class=\"gb-date-wrote-text\"> schrieb am<\/span><span class=\"gb-date-text\"> 12.04.2026<\/span>\n\t\t\t\t\t\t\t<\/span><span class=\"gb-time\">\n\t\t\t\t\t\t\t\t\t<span class=\"gb-time-at-text\"> um<\/span>\n\t\t\t\t\t\t\t\t\t<span class=\"gb-time-text\"> 19:58<\/span>\n\t\t\t\t\t\t\t\t<\/span>\n\t\t\t\t\t\t<\/span> \n\t\t\t\t\t<\/div>\n\t\t\t\t\t<div class=\"gb-entry-content\">\n\t\t\t\t\t\t<div class=\"gb-entry-excerpt\">allen frohe Ostern w\u00fcnsche Gruss Kitchen - Anton<\/div>\n\t\t\t\t\t\t<div class=\"gb-entry-full-content gwolle-gb-hide\">allen frohe Ostern w\u00fcnsche Gruss Kitchen - Anton... <a href=\"#\" class=\"gwolle-gb-readless\" title=\"Collapse this entry again\">Einklappen<\/a><\/div>\n\t\t\t\t\t<\/div>\n\t\t\t\t<\/article>\n\t\t\t<\/div>\n\t\t\t<div class=\"gb-entry gb-entry_245 gb-entry-count_2 gwolle-gb-even\" id=\"gb-entry_245\" data-entry_id=\"245\">\n\t\t\t\t<article>\n\t\t\t\t\t<div class=\"gb-author-info\">\n\t\t\t\t\t\t<span class=\"gb-author-name\">Rainer\n\t\t\t\t\t\t<\/span>\n\t\t\t\t\t\t<span class=\"gb-datetime\">\n\t\t\t\t\t\t\t<span class=\"gb-date\"><span class=\"gb-date-wrote-text\"> schrieb am<\/span><span class=\"gb-date-text\"> 10.04.2026<\/span>\n\t\t\t\t\t\t\t<\/span><span class=\"gb-time\">\n\t\t\t\t\t\t\t\t\t<span class=\"gb-time-at-text\"> um<\/span>\n\t\t\t\t\t\t\t\t\t<span class=\"gb-time-text\"> 19:50<\/span>\n\t\t\t\t\t\t\t\t<\/span>\n\t\t\t\t\t\t<\/span> \n\t\t\t\t\t<\/div>\n\t\t\t\t\t<div class=\"gb-entry-content\">\n\t\t\t\t\t\t<div class=\"gb-entry-excerpt\">klasse Musik am Freitag Abend, Heike<\/div>\n\t\t\t\t\t\t<div class=\"gb-entry-full-content gwolle-gb-hide\">klasse Musik am Freitag Abend, Heike... <a href=\"#\" class=\"gwolle-gb-readless\" title=\"Collapse this entry again\">Einklappen<\/a><\/div>\n\t\t\t\t\t<\/div>\n\t\t\t\t<\/article>\n\t\t\t<\/div>\n\t\t\t<div class=\"gb-entry gb-entry_241 gb-entry-count_3 gwolle-gb-uneven\" id=\"gb-entry_241\" data-entry_id=\"241\">\n\t\t\t\t<article>\n\t\t\t\t\t<div class=\"gb-author-info\">\n\t\t\t\t\t\t<span class=\"gb-author-name\">Anton\n\t\t\t\t\t\t<\/span>\n\t\t\t\t\t\t<span class=\"gb-datetime\">\n\t\t\t\t\t\t\t<span class=\"gb-date\"><span class=\"gb-date-wrote-text\"> schrieb am<\/span><span class=\"gb-date-text\"> 08.04.2026<\/span>\n\t\t\t\t\t\t\t<\/span><span class=\"gb-time\">\n\t\t\t\t\t\t\t\t\t<span class=\"gb-time-at-text\"> um<\/span>\n\t\t\t\t\t\t\t\t\t<span class=\"gb-time-text\"> 17:22<\/span>\n\t\t\t\t\t\t\t\t<\/span>\n\t\t\t\t\t\t<\/span> \n\t\t\t\t\t<\/div>\n\t\t\t\t\t<div class=\"gb-entry-content\">\n\t\t\t\t\t\t<div class=\"gb-entry-excerpt\">allen frohe Ostern w\u00fcnsche Gruss Kitchen - Anton<\/div>\n\t\t\t\t\t\t<div class=\"gb-entry-full-content gwolle-gb-hide\">allen frohe Ostern w\u00fcnsche Gruss Kitchen - Anton... <a href=\"#\" class=\"gwolle-gb-readless\" title=\"Collapse this entry again\">Einklappen<\/a><\/div>\n\t\t\t\t\t<\/div>\n\t\t\t\t<\/article>\n\t\t\t<\/div>\n\t\t\t<\/div>\n\t\t\t\t<div class=\"page-navigation\">\n\t\t\t\t\t<span class=\"screen-reader-text\">Navigation der G\u00e4stebuchliste<\/span><span class=\"page-numbers current\">1<\/span><a href=\"https:\/\/music-to-relax-radio.de\/?page_id=12&pageNum=2\" title=\"Seite 2\">2<\/a><a href=\"https:\/\/music-to-relax-radio.de\/?page_id=12&pageNum=3\" title=\"Seite 3\">3<\/a><a href=\"https:\/\/music-to-relax-radio.de\/?page_id=12&pageNum=4\" title=\"Seite 4\">4<\/a><a href=\"https:\/\/music-to-relax-radio.de\/?page_id=12&pageNum=5\" title=\"Seite 5\">5<\/a><span class=\"page-numbers dots\">...<\/span><a href=\"https:\/\/music-to-relax-radio.de\/?page_id=12&pageNum=30\" title=\"Seite 30\">30<\/a><a href=\"https:\/\/music-to-relax-radio.de\/?page_id=12&pageNum=2\" title=\"N\u00e4chste Seite\" rel=\"next\">&rarr;<\/a><\/div>\n\t\t<\/div>\n","protected":false},"excerpt":{"rendered":"<div class=\"mh-excerpt\"><\/div>","protected":false},"author":1,"featured_media":0,"parent":0,"menu_order":0,"comment_status":"closed","ping_status":"closed","template":"","meta":{"footnotes":""},"class_list":["post-12","page","type-page","status-publish","hentry"],"_links":{"self":[{"href":"https:\/\/music-to-relax-radio.de\/index.php?rest_route=\/wp\/v2\/pages\/12","targetHints":{"allow":["GET"]}}],"collection":[{"href":"https:\/\/music-to-relax-radio.de\/index.php?rest_route=\/wp\/v2\/pages"}],"about":[{"href":"https:\/\/music-to-relax-radio.de\/index.php?rest_route=\/wp\/v2\/types\/page"}],"author":[{"embeddable":true,"href":"https:\/\/music-to-relax-radio.de\/index.php?rest_route=\/wp\/v2\/users\/1"}],"replies":[{"embeddable":true,"href":"https:\/\/music-to-relax-radio.de\/index.php?rest_route=%2Fwp%2Fv2%2Fcomments&post=12"}],"version-history":[{"count":4,"href":"https:\/\/music-to-relax-radio.de\/index.php?rest_route=\/wp\/v2\/pages\/12\/revisions"}],"predecessor-version":[{"id":29,"href":"https:\/\/music-to-relax-radio.de\/index.php?rest_route=\/wp\/v2\/pages\/12\/revisions\/29"}],"wp:attachment":[{"href":"https:\/\/music-to-relax-radio.de\/index.php?rest_route=%2Fwp%2Fv2%2Fmedia&parent=12"}],"curies":[{"name":"wp","href":"https:\/\/api.w.org\/{rel}","templated":true}]}}